{"id":4,"date":"2023-02-02T10:44:18","date_gmt":"2023-02-02T15:44:18","guid":{"rendered":"https:\/\/stage.cs-soreltracy.qc.ca\/pavillon-tournesol\/accueil\/"},"modified":"2023-02-14T10:13:58","modified_gmt":"2023-02-14T15:13:58","slug":"accueil","status":"publish","type":"page","link":"https:\/\/stage.cs-soreltracy.qc.ca\/pavillon-tournesol\/","title":{"rendered":"Turpis lectus adipiscing\nsem egestas urna"},"content":{"rendered":"\n<div class=\"wp-block-cover alignfull is-style-hero-home-subsite\"><span aria-hidden=\"true\" class=\"wp-block-cover__background has-background-dim\"><\/span><img loading=\"lazy\" decoding=\"async\" width=\"1920\" height=\"537\" class=\"wp-block-cover__image-background wp-image-125\" alt=\"\" src=\"https:\/\/stage.cs-soreltracy.qc.ca\/pavillon-tournesol\/wp-content\/uploads\/sites\/22\/2023\/02\/Seawire-Hero-06-2.jpg\" data-object-fit=\"cover\" srcset=\"https:\/\/stage.cs-soreltracy.qc.ca\/pavillon-tournesol\/wp-content\/uploads\/sites\/22\/2023\/02\/Seawire-Hero-06-2.jpg 1920w, https:\/\/stage.cs-soreltracy.qc.ca\/pavillon-tournesol\/wp-content\/uploads\/sites\/22\/2023\/02\/Seawire-Hero-06-2-300x84.jpg 300w, https:\/\/stage.cs-soreltracy.qc.ca\/pavillon-tournesol\/wp-content\/uploads\/sites\/22\/2023\/02\/Seawire-Hero-06-2-1024x286.jpg 1024w, https:\/\/stage.cs-soreltracy.qc.ca\/pavillon-tournesol\/wp-content\/uploads\/sites\/22\/2023\/02\/Seawire-Hero-06-2-768x215.jpg 768w, https:\/\/stage.cs-soreltracy.qc.ca\/pavillon-tournesol\/wp-content\/uploads\/sites\/22\/2023\/02\/Seawire-Hero-06-2-1536x430.jpg 1536w\" sizes=\"(max-width: 1920px) 100vw, 1920px\" \/><div class=\"wp-block-cover__inner-container\">\n<div class=\"wp-block-group alignwide\"><h2 class=\"wp-block-post-title\">Turpis lectus adipiscing\nsem egestas urna<\/h2>\n\n\n<div class=\"wp-block-buttons\">\n<div class=\"wp-block-button\"><a class=\"wp-block-button__link wp-element-button\">En savoir plus <img decoding=\"async\" class=\"wp-image-402\" style=\"width: 17px\" src=\"https:\/\/stage.cs-soreltracy.qc.ca\/wp-content\/uploads\/2022\/09\/short_right.svg\" alt=\"\"><\/a><\/div>\n<\/div>\n<\/div>\n<\/div><\/div>\n\n\n\n<div class=\"wp-block-group alignfull is-style-subsite-home-news has-tertiary-background-color has-background\">\n<div class=\"wp-block-group alignwide\">\n<h2 class=\"wp-block-heading\">Actualit\u00e9s<\/h2>\n\n\n\n<div class=\"wp-block-buttons\">\n<div class=\"wp-block-button is-style-text is-home-actualites\"><a class=\"wp-block-button__link wp-element-button\" href=\"https:\/\/stage.cs-soreltracy.qc.ca\/pavillon-tournesol\/actualites\/\">Voir toutes les actualit\u00e9s<img decoding=\"async\" class=\"wp-image-402\" style=\"width: 17px\" src=\"https:\/\/stage.cs-soreltracy.qc.ca\/wp-content\/uploads\/2022\/09\/short_right.svg\" alt=\"\"><\/a><\/div>\n<\/div>\n<\/div>\n\n\n<div class=\" alignwide alignwide wp-block-acf-archive-listing\" id=\"testimonial-block_f6f07e796a93894e270c083be3f9fcd0\">\n    <\/div>\n<\/div>\n\n\n\n<div class=\"wp-block-group alignfull is-style-bg-gradient\">\n<div class=\"wp-block-group alignwide\">\n<div class=\"wp-block-columns is-style-dates-and-calendar\">\n<div class=\"wp-block-column is-style-dates-list\">\n<h2 class=\"wp-block-heading\">Calendrier<\/h2>\n<\/div>\n<\/div>\n\n\n\n<div class=\"wp-block-columns alignwide is-style-home-calendar is-style-dates-and-calendar\">\n<div class=\"wp-block-column is-style-dates-list\">\n<div class=\"wp-block-group\">\n<h3 class=\"wp-block-heading\">\u00c0 surveiller<\/h3>\n\n\n<div class=\"wp-block-acf-act-date-list\" id=\"testimonial-\"><div class=\"wp-block-group\"><\/div><\/div>\n\n\n<p><a href=\"https:\/\/stage.cs-soreltracy.qc.ca\/pavillon-tournesol\/evenements\">Voir tous les \u00e9v\u00e9nements<\/a><\/p>\n<\/div>\n<\/div>\n\n\n\n<div class=\"wp-block-column is-style-calendar\">\n<div class=\"wp-block-group\"><div class=\"act-post-calendar\">\n    \n<\/div>\n<script>\n    var actPostCalendarPopups = {\n            }\n    var actPostCalendarMonths = [\n        'Janvier', \n        'F\u00e9vrier', \n        'Mars', \n        'Avril', \n        'Mai', \n        'Juin', \n        'Juillet',\n        'Ao\u00fbt', \n        'Septembre', \n        'Octobre', \n        'Novembre', \n        'D\u00e9cembre'\n    ]\n    var actPostCalendarWeekdays = ['D', 'L', 'M', 'M', 'J', 'V', 'S'];\n<\/script>\n\n\n\n<div class=\"wp-block-buttons\">\n<div class=\"wp-block-button\"><a class=\"wp-block-button__link wp-element-button\">T\u00e9l\u00e9charger le calendrier <img loading=\"lazy\" decoding=\"async\" width=\"24\" height=\"25\" class=\"wp-image-122\" style=\"width: 24px;\" src=\"http:\/\/stage.cs-soreltracy.qc.ca\/pavillon-tournesol\/wp-content\/uploads\/sites\/22\/2023\/02\/Download.svg\" alt=\"\"><\/a><\/div>\n<\/div>\n<\/div>\n<\/div>\n<\/div>\n<\/div>\n\n\n<section class=\"act-galerie-slider is-style-on-homepage act-galerie\">\n    <ul id=\"act-galerie-slider_69f2850d81fac\">\n                    <li class=\"act-galerie-slider__item\">\n                <img loading=\"lazy\" decoding=\"async\" width=\"906\" height=\"463\" src=\"https:\/\/stage.cs-soreltracy.qc.ca\/pavillon-tournesol\/wp-content\/uploads\/sites\/22\/2023\/02\/Image-Placeholder-16.jpg\" class=\"attachment-large size-large\" alt=\"\" srcset=\"https:\/\/stage.cs-soreltracy.qc.ca\/pavillon-tournesol\/wp-content\/uploads\/sites\/22\/2023\/02\/Image-Placeholder-16.jpg 906w, https:\/\/stage.cs-soreltracy.qc.ca\/pavillon-tournesol\/wp-content\/uploads\/sites\/22\/2023\/02\/Image-Placeholder-16-300x153.jpg 300w, https:\/\/stage.cs-soreltracy.qc.ca\/pavillon-tournesol\/wp-content\/uploads\/sites\/22\/2023\/02\/Image-Placeholder-16-768x392.jpg 768w\" sizes=\"(max-width: 906px) 100vw, 906px\" \/>            <\/li>\n                    <li class=\"act-galerie-slider__item\">\n                <img loading=\"lazy\" decoding=\"async\" width=\"1024\" height=\"575\" src=\"https:\/\/stage.cs-soreltracy.qc.ca\/pavillon-tournesol\/wp-content\/uploads\/sites\/22\/2023\/02\/Rectangle-50-2-1024x575.jpg\" class=\"attachment-large size-large\" alt=\"\" srcset=\"https:\/\/stage.cs-soreltracy.qc.ca\/pavillon-tournesol\/wp-content\/uploads\/sites\/22\/2023\/02\/Rectangle-50-2-1024x575.jpg 1024w, https:\/\/stage.cs-soreltracy.qc.ca\/pavillon-tournesol\/wp-content\/uploads\/sites\/22\/2023\/02\/Rectangle-50-2-300x168.jpg 300w, https:\/\/stage.cs-soreltracy.qc.ca\/pavillon-tournesol\/wp-content\/uploads\/sites\/22\/2023\/02\/Rectangle-50-2-768x431.jpg 768w, https:\/\/stage.cs-soreltracy.qc.ca\/pavillon-tournesol\/wp-content\/uploads\/sites\/22\/2023\/02\/Rectangle-50-2.jpg 1063w\" sizes=\"(max-width: 1024px) 100vw, 1024px\" \/>            <\/li>\n            <\/ul>\n<\/section>\n\n\n\n\n<div class=\"wp-block-media-text alignwide is-stacked-on-mobile is-style-wide-size\"><figure class=\"wp-block-media-text__media\"><img loading=\"lazy\" decoding=\"async\" width=\"906\" height=\"463\" src=\"http:\/\/stage.cs-soreltracy.qc.ca\/pavillon-tournesol\/wp-content\/uploads\/sites\/22\/2023\/02\/Image-Placeholder-16.jpg\" alt=\"\" class=\"wp-image-54 size-full\" srcset=\"https:\/\/stage.cs-soreltracy.qc.ca\/pavillon-tournesol\/wp-content\/uploads\/sites\/22\/2023\/02\/Image-Placeholder-16.jpg 906w, https:\/\/stage.cs-soreltracy.qc.ca\/pavillon-tournesol\/wp-content\/uploads\/sites\/22\/2023\/02\/Image-Placeholder-16-300x153.jpg 300w, https:\/\/stage.cs-soreltracy.qc.ca\/pavillon-tournesol\/wp-content\/uploads\/sites\/22\/2023\/02\/Image-Placeholder-16-768x392.jpg 768w\" sizes=\"(max-width: 906px) 100vw, 906px\" \/><\/figure><div class=\"wp-block-media-text__content\">\n<h2 class=\"wp-block-heading\">Et turpis luctus bibendum metus eget id lobortis<\/h2>\n\n\n\n<p>Lorem ipsum dolor sit amet, consectetur adipiscing elit. At magna netus ante non libero. Ipsum, elit at ullamcorper nunc, interdum purus massa risus. Sapien eget non proin varius mauris et. Tellus luctus nisi, duis eu convallis ac.<\/p>\n\n\n\n<div class=\"wp-block-buttons\">\n<div class=\"wp-block-button\"><a class=\"wp-block-button__link wp-element-button\">En savoir plus <img decoding=\"async\" class=\"wp-image-402\" style=\"width: 17px\" src=\"https:\/\/stage.cs-soreltracy.qc.ca\/wp-content\/uploads\/2022\/09\/short_right.svg\" alt=\"\"><\/a><\/div>\n<\/div>\n<\/div><\/div>\n<\/div>\n","protected":false},"excerpt":{"rendered":"<p>Actualit\u00e9s Calendrier \u00c0 surveiller Voir tous les \u00e9v\u00e9nements Et turpis luctus bibendum metus eget id lobortis Lorem ipsum dolor sit amet, consectetur adipiscing elit. At magna netus ante non libero. Ipsum, elit at ullamcorper nunc, interdum purus massa risus. Sapien eget non proin varius mauris et. Tellus luctus nisi, duis eu convallis ac.<\/p>\n","protected":false},"author":1,"featured_media":0,"parent":0,"menu_order":0,"comment_status":"closed","ping_status":"closed","template":"","meta":{"_acf_changed":false,"inline_featured_image":false,"footnotes":""},"acf":[],"class_list":["post-4","page","type-page","status-publish","hentry"],"yoast_head":"<!-- This site is optimized with the Yoast SEO plugin v23.5 - https:\/\/yoast.com\/wordpress\/plugins\/seo\/ -->\n<title>Turpis lectus adipiscing sem egestas urna - Pavillon Tournesol<\/title>\n<meta name=\"robots\" content=\"index, follow, max-snippet:-1, max-image-preview:large, max-video-preview:-1\" \/>\n<link rel=\"canonical\" href=\"https:\/\/stage.cs-soreltracy.qc.ca\/pavillon-tournesol\/\" \/>\n<meta property=\"og:locale\" content=\"fr_CA\" \/>\n<meta property=\"og:type\" content=\"article\" \/>\n<meta property=\"og:title\" content=\"Turpis lectus adipiscing sem egestas urna - Pavillon Tournesol\" \/>\n<meta property=\"og:description\" content=\"Actualit\u00e9s Calendrier \u00c0 surveiller Voir tous les \u00e9v\u00e9nements Et turpis luctus bibendum metus eget id lobortis Lorem ipsum dolor sit amet, consectetur adipiscing elit. At magna netus ante non libero. Ipsum, elit at ullamcorper nunc, interdum purus massa risus. Sapien eget non proin varius mauris et. Tellus luctus nisi, duis eu convallis ac.\" \/>\n<meta property=\"og:url\" content=\"https:\/\/stage.cs-soreltracy.qc.ca\/pavillon-tournesol\/\" \/>\n<meta property=\"og:site_name\" content=\"Pavillon Tournesol\" \/>\n<meta property=\"article:publisher\" content=\"https:\/\/www.facebook.com\/cssoreltracy\/?locale=fr_CA\" \/>\n<meta property=\"article:modified_time\" content=\"2023-02-14T15:13:58+00:00\" \/>\n<meta property=\"og:image\" content=\"https:\/\/stage.cs-soreltracy.qc.ca\/pavillon-tournesol\/wp-content\/uploads\/sites\/22\/2023\/02\/Seawire-Hero-06-2.jpg\" \/>\n<meta name=\"twitter:card\" content=\"summary_large_image\" \/>\n<meta name=\"twitter:label1\" content=\"Estimation du temps de lecture\" \/>\n\t<meta name=\"twitter:data1\" content=\"2 minutes\" \/>\n<script type=\"application\/ld+json\" class=\"yoast-schema-graph\">{\"@context\":\"https:\/\/schema.org\",\"@graph\":[{\"@type\":\"WebPage\",\"@id\":\"https:\/\/stage.cs-soreltracy.qc.ca\/pavillon-tournesol\/\",\"url\":\"https:\/\/stage.cs-soreltracy.qc.ca\/pavillon-tournesol\/\",\"name\":\"Turpis lectus adipiscing sem egestas urna - Pavillon Tournesol\",\"isPartOf\":{\"@id\":\"https:\/\/stage.cs-soreltracy.qc.ca\/pavillon-tournesol\/#website\"},\"primaryImageOfPage\":{\"@id\":\"https:\/\/stage.cs-soreltracy.qc.ca\/pavillon-tournesol\/#primaryimage\"},\"image\":{\"@id\":\"https:\/\/stage.cs-soreltracy.qc.ca\/pavillon-tournesol\/#primaryimage\"},\"thumbnailUrl\":\"https:\/\/stage.cs-soreltracy.qc.ca\/pavillon-tournesol\/wp-content\/uploads\/sites\/22\/2023\/02\/Seawire-Hero-06-2.jpg\",\"datePublished\":\"2023-02-02T15:44:18+00:00\",\"dateModified\":\"2023-02-14T15:13:58+00:00\",\"breadcrumb\":{\"@id\":\"https:\/\/stage.cs-soreltracy.qc.ca\/pavillon-tournesol\/#breadcrumb\"},\"inLanguage\":\"fr-CA\",\"potentialAction\":[{\"@type\":\"ReadAction\",\"target\":[\"https:\/\/stage.cs-soreltracy.qc.ca\/pavillon-tournesol\/\"]}]},{\"@type\":\"ImageObject\",\"inLanguage\":\"fr-CA\",\"@id\":\"https:\/\/stage.cs-soreltracy.qc.ca\/pavillon-tournesol\/#primaryimage\",\"url\":\"https:\/\/stage.cs-soreltracy.qc.ca\/pavillon-tournesol\/wp-content\/uploads\/sites\/22\/2023\/02\/Seawire-Hero-06-2.jpg\",\"contentUrl\":\"https:\/\/stage.cs-soreltracy.qc.ca\/pavillon-tournesol\/wp-content\/uploads\/sites\/22\/2023\/02\/Seawire-Hero-06-2.jpg\",\"width\":1920,\"height\":537},{\"@type\":\"BreadcrumbList\",\"@id\":\"https:\/\/stage.cs-soreltracy.qc.ca\/pavillon-tournesol\/#breadcrumb\",\"itemListElement\":[{\"@type\":\"ListItem\",\"position\":1,\"name\":\"Accueil\",\"item\":\"https:\/\/stage.cs-soreltracy.qc.ca\/pavillon-tournesol\/\"},{\"@type\":\"ListItem\",\"position\":2,\"name\":\"Turpis lectus adipiscing sem egestas urna\"}]},{\"@type\":\"WebSite\",\"@id\":\"https:\/\/stage.cs-soreltracy.qc.ca\/pavillon-tournesol\/#website\",\"url\":\"https:\/\/stage.cs-soreltracy.qc.ca\/pavillon-tournesol\/\",\"name\":\"Pavillon Tournesol\",\"description\":\"\",\"potentialAction\":[{\"@type\":\"SearchAction\",\"target\":{\"@type\":\"EntryPoint\",\"urlTemplate\":\"https:\/\/stage.cs-soreltracy.qc.ca\/pavillon-tournesol\/?s={search_term_string}\"},\"query-input\":{\"@type\":\"PropertyValueSpecification\",\"valueRequired\":true,\"valueName\":\"search_term_string\"}}],\"inLanguage\":\"fr-CA\"}]}<\/script>\n<!-- \/ Yoast SEO plugin. -->","yoast_head_json":{"title":"Turpis lectus adipiscing sem egestas urna - Pavillon Tournesol","robots":{"index":"index","follow":"follow","max-snippet":"max-snippet:-1","max-image-preview":"max-image-preview:large","max-video-preview":"max-video-preview:-1"},"canonical":"https:\/\/stage.cs-soreltracy.qc.ca\/pavillon-tournesol\/","og_locale":"fr_CA","og_type":"article","og_title":"Turpis lectus adipiscing sem egestas urna - Pavillon Tournesol","og_description":"Actualit\u00e9s Calendrier \u00c0 surveiller Voir tous les \u00e9v\u00e9nements Et turpis luctus bibendum metus eget id lobortis Lorem ipsum dolor sit amet, consectetur adipiscing elit. At magna netus ante non libero. Ipsum, elit at ullamcorper nunc, interdum purus massa risus. Sapien eget non proin varius mauris et. Tellus luctus nisi, duis eu convallis ac.","og_url":"https:\/\/stage.cs-soreltracy.qc.ca\/pavillon-tournesol\/","og_site_name":"Pavillon Tournesol","article_publisher":"https:\/\/www.facebook.com\/cssoreltracy\/?locale=fr_CA","article_modified_time":"2023-02-14T15:13:58+00:00","og_image":[{"url":"https:\/\/stage.cs-soreltracy.qc.ca\/pavillon-tournesol\/wp-content\/uploads\/sites\/22\/2023\/02\/Seawire-Hero-06-2.jpg"}],"twitter_card":"summary_large_image","twitter_misc":{"Estimation du temps de lecture":"2 minutes"},"schema":{"@context":"https:\/\/schema.org","@graph":[{"@type":"WebPage","@id":"https:\/\/stage.cs-soreltracy.qc.ca\/pavillon-tournesol\/","url":"https:\/\/stage.cs-soreltracy.qc.ca\/pavillon-tournesol\/","name":"Turpis lectus adipiscing sem egestas urna - Pavillon Tournesol","isPartOf":{"@id":"https:\/\/stage.cs-soreltracy.qc.ca\/pavillon-tournesol\/#website"},"primaryImageOfPage":{"@id":"https:\/\/stage.cs-soreltracy.qc.ca\/pavillon-tournesol\/#primaryimage"},"image":{"@id":"https:\/\/stage.cs-soreltracy.qc.ca\/pavillon-tournesol\/#primaryimage"},"thumbnailUrl":"https:\/\/stage.cs-soreltracy.qc.ca\/pavillon-tournesol\/wp-content\/uploads\/sites\/22\/2023\/02\/Seawire-Hero-06-2.jpg","datePublished":"2023-02-02T15:44:18+00:00","dateModified":"2023-02-14T15:13:58+00:00","breadcrumb":{"@id":"https:\/\/stage.cs-soreltracy.qc.ca\/pavillon-tournesol\/#breadcrumb"},"inLanguage":"fr-CA","potentialAction":[{"@type":"ReadAction","target":["https:\/\/stage.cs-soreltracy.qc.ca\/pavillon-tournesol\/"]}]},{"@type":"ImageObject","inLanguage":"fr-CA","@id":"https:\/\/stage.cs-soreltracy.qc.ca\/pavillon-tournesol\/#primaryimage","url":"https:\/\/stage.cs-soreltracy.qc.ca\/pavillon-tournesol\/wp-content\/uploads\/sites\/22\/2023\/02\/Seawire-Hero-06-2.jpg","contentUrl":"https:\/\/stage.cs-soreltracy.qc.ca\/pavillon-tournesol\/wp-content\/uploads\/sites\/22\/2023\/02\/Seawire-Hero-06-2.jpg","width":1920,"height":537},{"@type":"BreadcrumbList","@id":"https:\/\/stage.cs-soreltracy.qc.ca\/pavillon-tournesol\/#breadcrumb","itemListElement":[{"@type":"ListItem","position":1,"name":"Accueil","item":"https:\/\/stage.cs-soreltracy.qc.ca\/pavillon-tournesol\/"},{"@type":"ListItem","position":2,"name":"Turpis lectus adipiscing sem egestas urna"}]},{"@type":"WebSite","@id":"https:\/\/stage.cs-soreltracy.qc.ca\/pavillon-tournesol\/#website","url":"https:\/\/stage.cs-soreltracy.qc.ca\/pavillon-tournesol\/","name":"Pavillon Tournesol","description":"","potentialAction":[{"@type":"SearchAction","target":{"@type":"EntryPoint","urlTemplate":"https:\/\/stage.cs-soreltracy.qc.ca\/pavillon-tournesol\/?s={search_term_string}"},"query-input":{"@type":"PropertyValueSpecification","valueRequired":true,"valueName":"search_term_string"}}],"inLanguage":"fr-CA"}]}},"_links":{"self":[{"href":"https:\/\/stage.cs-soreltracy.qc.ca\/pavillon-tournesol\/wp-json\/wp\/v2\/pages\/4"}],"collection":[{"href":"https:\/\/stage.cs-soreltracy.qc.ca\/pavillon-tournesol\/wp-json\/wp\/v2\/pages"}],"about":[{"href":"https:\/\/stage.cs-soreltracy.qc.ca\/pavillon-tournesol\/wp-json\/wp\/v2\/types\/page"}],"author":[{"embeddable":true,"href":"https:\/\/stage.cs-soreltracy.qc.ca\/pavillon-tournesol\/wp-json\/wp\/v2\/users\/1"}],"replies":[{"embeddable":true,"href":"https:\/\/stage.cs-soreltracy.qc.ca\/pavillon-tournesol\/wp-json\/wp\/v2\/comments?post=4"}],"version-history":[{"count":22,"href":"https:\/\/stage.cs-soreltracy.qc.ca\/pavillon-tournesol\/wp-json\/wp\/v2\/pages\/4\/revisions"}],"predecessor-version":[{"id":127,"href":"https:\/\/stage.cs-soreltracy.qc.ca\/pavillon-tournesol\/wp-json\/wp\/v2\/pages\/4\/revisions\/127"}],"wp:attachment":[{"href":"https:\/\/stage.cs-soreltracy.qc.ca\/pavillon-tournesol\/wp-json\/wp\/v2\/media?parent=4"}],"curies":[{"name":"wp","href":"https:\/\/api.w.org\/{rel}","templated":true}]}}